{"id":22,"date":"2025-10-17T16:05:19","date_gmt":"2025-10-17T16:05:19","guid":{"rendered":"https:\/\/hb88link1.com\/?page_id=22"},"modified":"2026-02-14T09:21:31","modified_gmt":"2026-02-14T09:21:31","slug":"khuyen-mai","status":"publish","type":"page","link":"https:\/\/hb88link1.com\/?page_id=22","title":{"rendered":"KHUY\u1ebeN M\u00c3I"},"content":{"rendered":"<h1 style=\"text-align: center;\"><b>Khuy\u1ebfn M\u00e3i HB88 &#8211; 20+ Ch\u01b0\u01a1ng Tr\u00ecnh H\u1ea5p D\u1eabn \u0110ang Tri\u1ec3n Khai<\/b><\/h1>\n<p style=\"text-align: justify;\"><span style=\"font-weight: 400;\">Danh m\u1ee5c <\/span><a href=\"https:\/\/hb88link1.com\/khuyen-mai\"><b>khuy\u1ebfn m\u00e3i HB88<\/b><\/a><span style=\"font-weight: 400;\"> lu\u00f4n \u0111\u01b0\u1ee3c l\u00e0m m\u1edbi v\u1edbi nhi\u1ec1u ch\u01b0\u01a1ng tr\u00ecnh h\u1ea5p d\u1eabn d\u00e0nh cho m\u1ecdi th\u1ec3 lo\u1ea1i ng\u01b0\u1eddi ch\u01a1i. D\u00f9 b\u1ea1n l\u00e0 h\u1ed9i vi\u00ean m\u1edbi hay l\u00e2u n\u0103m, th\u00edch c\u00e1 c\u01b0\u1ee3c th\u1ec3 thao hay ch\u01a1i game \u0111\u1ed5i th\u01b0\u1edfng, \u0111\u1ec1u c\u00f3 c\u01a1 h\u1ed9i nh\u1eadn qu\u00e0 gi\u00e1 tr\u1ecb. <\/span><a href=\"https:\/\/hb88link1.com\/\"><b>HB88<\/b><\/a><span style=\"font-weight: 400;\"> c\u0169ng r\u1ea5t r\u00f5 r\u00e0ng trong \u0111i\u1ec1u ki\u1ec7n nh\u1eadn th\u01b0\u1edfng v\u00e0 r\u00fat ti\u1ec1n, kh\u00f4ng c\u00f3 chuy\u1ec7n m\u1eadp m\u1edd hay \u0111\u00e1nh tr\u00e1o kh\u00e1i ni\u1ec7m.<\/span><\/p>\n<h2 style=\"text-align: justify;\"><b>C\u00e1i nh\u00ecn s\u01a1 l\u01b0\u1ee3c v\u1ec1 ch\u00ednh s\u00e1ch khuy\u1ebfn m\u00e3i HB88\u00a0<\/b><\/h2>\n<p style=\"text-align: justify;\"><span style=\"font-weight: 400;\">Thay v\u00ec \u0111\u01b0a ra khuy\u1ebfn m\u00e3i qu\u00e1 ph\u00f4 tr\u01b0\u01a1ng nh\u01b0ng k\u00e8m \u0111i\u1ec1u ki\u1ec7n ph\u1ee9c t\u1ea1p, HB88 \u01b0u ti\u00ean c\u00e1c \u01b0u \u0111\u00e3i c\u00f3 t\u00ednh \u1ee9ng d\u1ee5ng cao, d\u1ec5 hi\u1ec3u v\u00e0 d\u1ec5 tham gia. M\u1ed7i ch\u01b0\u01a1ng tr\u00ecnh \u0111\u1ec1u c\u00f4ng b\u1ed1 r\u00f5 r\u00e0ng v\u1ec1 n\u1ed9i dung, th\u1eddi gian \u00e1p d\u1ee5ng, \u0111i\u1ec1u ki\u1ec7n nh\u1eadn th\u01b0\u1edfng v\u00e0 y\u00eau c\u1ea7u c\u01b0\u1ee3c. Nh\u1edd \u0111\u00f3 m\u00e0 ng\u01b0\u1eddi ch\u01a1i c\u00f3 th\u1ec3 ch\u1ee7 \u0111\u1ed9ng c\u00e2n nh\u1eafc tr\u01b0\u1edbc khi tham gia m\u00e0 kh\u00f4ng lo ph\u00e1t sinh r\u1eafc r\u1ed1i v\u1ec1 sau.<\/span><\/p>\n<p style=\"text-align: justify;\"><span style=\"font-weight: 400;\">Hi\u1ec7n t\u1ea1i, \u0111ang c\u00f3 r\u1ea5t nhi\u1ec1u khuy\u1ebfn m\u00e3i HB88 h\u1ea5p d\u1eabn d\u00e0nh cho h\u1ed9i vi\u00ean m\u1edbi tham gia. B\u00ean c\u1ea1nh \u0111\u00f3 l\u00e0 nhi\u1ec1u ch\u01b0\u01a1ng tr\u00ecnh th\u01b0\u1edfng n\u1ea1p, ho\u00e0n tr\u1ea3, \u0111ua top v\u00e0 qu\u00e0 tri \u00e2n \u0111\u1ecbnh k\u1ef3 d\u00e0nh cho ng\u01b0\u1eddi ch\u01a1i g\u1eafn b\u00f3 l\u00e2u d\u00e0i. B\u00ean c\u1ea1nh \u0111\u00f3 l\u00e0 h\u1ec7 th\u1ed1ng th\u01b0\u1edfng theo c\u1ea5p VIP d\u00e0nh cho nh\u1eefng ng\u01b0\u1eddi ch\u01a1i trung th\u00e0nh v\u1edbi nh\u00e0 c\u00e1i.<\/span><\/p>\n<figure id=\"attachment_319\" aria-describedby=\"caption-attachment-319\" style=\"width: 800px\" class=\"wp-caption aligncenter\"><img loading=\"lazy\" decoding=\"async\" class=\"size-full wp-image-319\" src=\"https:\/\/hb88link1.com\/wp-content\/uploads\/2026\/02\/khuyen-mai-hb88-gioi-thieu-so-luoc.webp\" alt=\"Gi\u1edbi thi\u1ec7u s\u01a1 l\u01b0\u1ee3c v\u1ec1 ch\u00ednh s\u00e1ch khuy\u1ebfn m\u00e3i HB88\" width=\"800\" height=\"400\" title=\"\" srcset=\"https:\/\/hb88link1.com\/wp-content\/uploads\/2026\/02\/khuyen-mai-hb88-gioi-thieu-so-luoc.webp 800w, https:\/\/hb88link1.com\/wp-content\/uploads\/2026\/02\/khuyen-mai-hb88-gioi-thieu-so-luoc-300x150.webp 300w, https:\/\/hb88link1.com\/wp-content\/uploads\/2026\/02\/khuyen-mai-hb88-gioi-thieu-so-luoc-768x384.webp 768w\" sizes=\"auto, (max-width: 800px) 100vw, 800px\" \/><figcaption id=\"caption-attachment-319\" class=\"wp-caption-text\">Gi\u1edbi thi\u1ec7u s\u01a1 l\u01b0\u1ee3c v\u1ec1 ch\u00ednh s\u00e1ch khuy\u1ebfn m\u00e3i HB88<\/figcaption><\/figure>\n<h2 style=\"text-align: justify;\"><b>Danh s\u00e1ch t\u1ed5ng h\u1ee3p c\u00e1c ch\u01b0\u01a1ng tr\u00ecnh \u01b0u \u0111\u00e3i m\u1edbi nh\u1ea5t t\u1ea1i HB88<\/b><\/h2>\n<p style=\"text-align: justify;\"><span style=\"font-weight: 400;\">Sang n\u0103m 2025, HB88 c\u0169ng \u0111\u00e3 tri\u1ec3n khai nhi\u1ec1u ch\u01b0\u01a1ng tr\u00ecnh \u01b0u \u0111\u00e3i h\u1ea5p d\u1eabn d\u00e0nh cho to\u00e0n h\u1ed9i vi\u00ean v\u00e0 m\u1ecdi danh m\u1ee5c game \u0111\u1ed5i th\u01b0\u1edfng. Ngay sau \u0111\u00e2y l\u00e0 n\u1ed9i dung c\u1ee7a c\u00e1c ch\u01b0\u01a1ng tr\u00ecnh khuy\u1ebfn m\u00e3i HB88 \u0111ang \u0111\u01b0\u1ee3c tri\u1ec3n khai tr\u1ef1c ti\u1ebfp t\u1ea1i h\u1ec7 th\u1ed1ng.<\/span><\/p>\n<table>\n<tbody>\n<tr>\n<td><b>Danh m\u1ee5c \u01b0u \u0111\u00e3i<\/b><\/td>\n<td><b>C\u00e1c ch\u01b0\u01a1ng tr\u00ecnh 2026<\/b><\/td>\n<\/tr>\n<tr>\n<td><span style=\"font-weight: 400;\">N\u1ed5 h\u0169<\/span><\/td>\n<td>\n<ul>\n<li style=\"font-weight: 400;\" aria-level=\"1\"><span style=\"font-weight: 400;\">Ch\u01a1i n\u1ed5 h\u0169 m\u1ed7i ng\u00e0y v\u1edbi c\u01a1 h\u1ed9i nh\u1eadn th\u01b0\u1edfng \u0111\u1ebfn 25 tri\u1ec7u.<\/span><\/li>\n<li style=\"font-weight: 400;\" aria-level=\"1\"><span style=\"font-weight: 400;\">Ch\u01b0\u01a1ng tr\u00ecnh \u0111ua h\u1ea1ng Slot h\u00e0ng tu\u1ea7n, t\u1ed5ng gi\u00e1 tr\u1ecb ph\u1ea7n th\u01b0\u1edfng c\u00f3 th\u1ec3 \u0111\u1ea1t 88,888 tri\u1ec7u.<\/span><\/li>\n<li style=\"font-weight: 400;\" aria-level=\"1\"><span style=\"font-weight: 400;\">\u01afu \u0111\u00e3i ho\u00e0n tr\u1ea3 khi ch\u01a1i n\u1ed5 h\u0169, m\u1ee9c b\u1ea3o hi\u1ec3m thua t\u1ed1i \u0111a 5%.<\/span><\/li>\n<\/ul>\n<\/td>\n<\/tr>\n<tr>\n<td><span style=\"font-weight: 400;\">B\u1eafn c\u00e1<\/span><\/td>\n<td>\n<ul>\n<li style=\"font-weight: 400;\" aria-level=\"1\"><span style=\"font-weight: 400;\">Tham gia b\u1eafn c\u00e1 m\u1ed7i ng\u00e0y, gi\u00e1 tr\u1ecb nh\u1eadn th\u01b0\u1edfng c\u00f3 th\u1ec3 \u0111\u1ea1t 25 tri\u1ec7u.<\/span><\/li>\n<li style=\"font-weight: 400;\" aria-level=\"1\"><span style=\"font-weight: 400;\">Gi\u1ea3i \u0111\u1ea5u x\u1ebfp h\u1ea1ng b\u1eafn c\u00e1 theo tu\u1ea7n v\u1edbi t\u1ed5ng ph\u1ea7n th\u01b0\u1edfng t\u1ed1i \u0111a 8,888 tri\u1ec7u.<\/span><\/li>\n<li style=\"font-weight: 400;\" aria-level=\"1\"><span style=\"font-weight: 400;\">Khuy\u1ebfn m\u00e3i HB88 ho\u00e0n tr\u1ea3 khi thua b\u1eafn c\u00e1, m\u1ee9c b\u1ea3o hi\u1ec3m l\u00ean t\u1edbi 5%.<\/span><\/li>\n<\/ul>\n<\/td>\n<\/tr>\n<tr>\n<td><span style=\"font-weight: 400;\">Game b\u00e0i<\/span><\/td>\n<td>\n<ul>\n<li style=\"font-weight: 400;\" aria-level=\"1\"><span style=\"font-weight: 400;\">\u0110ua top game b\u00e0i theo tu\u1ea7n, t\u1ed5ng th\u01b0\u1edfng c\u00f3 th\u1ec3 \u0111\u1ea1t 66.666K.<\/span><\/li>\n<li style=\"font-weight: 400;\" aria-level=\"1\"><span style=\"font-weight: 400;\">Chu\u1ed7i s\u1ef1 ki\u1ec7n th\u01b0\u1edfng game b\u00e0i v\u1edbi nhi\u1ec1u ph\u1ea7n qu\u00e0 gi\u00e1 tr\u1ecb d\u00e0nh cho h\u1ed9i vi\u00ean.<\/span><\/li>\n<li style=\"font-weight: 400;\" aria-level=\"1\"><span style=\"font-weight: 400;\">\u01afu \u0111\u00e3i b\u1ea3o hi\u1ec3m thua game b\u00e0i v\u1edbi m\u1ee9c ho\u00e0n tr\u1ea3 l\u00ean \u0111\u1ebfn 5%.<\/span><\/li>\n<\/ul>\n<\/td>\n<\/tr>\n<tr>\n<td><span style=\"font-weight: 400;\">Casino<\/span><\/td>\n<td>\n<ul>\n<li style=\"font-weight: 400;\" aria-level=\"1\"><span style=\"font-weight: 400;\">S\u1ef1 ki\u1ec7n casino \u0111\u1ed9t ph\u00e1 v\u1edbi nhi\u1ec1u ph\u1ea7n th\u01b0\u1edfng gi\u00e1 tr\u1ecb \u0111ang ch\u1edd ng\u01b0\u1eddi ch\u01a1i.<\/span><\/li>\n<\/ul>\n<\/td>\n<\/tr>\n<tr>\n<td><span style=\"font-weight: 400;\">Th\u1ec3 thao<\/span><\/td>\n<td>\n<ul>\n<li style=\"font-weight: 400;\" aria-level=\"1\"><span style=\"font-weight: 400;\">S\u1ef1 ki\u1ec7n \u0111ua top th\u1ec3 thao theo tu\u1ea7n v\u1edbi t\u1ed5ng th\u01b0\u1edfng c\u00f3 th\u1ec3 \u0111\u1ea1t 8,888 tri\u1ec7u.<\/span><\/li>\n<li style=\"font-weight: 400;\" aria-level=\"1\"><span style=\"font-weight: 400;\">Th\u1eed th\u00e1ch cao th\u1ee7 th\u1ec3 thao \u00e1p d\u1ee5ng khuy\u1ebfn m\u00e3i HB88 ho\u00e0n ti\u1ec1n m\u1ed7i ng\u00e0y.<\/span><\/li>\n<li style=\"font-weight: 400;\" aria-level=\"1\"><span style=\"font-weight: 400;\">B\u1ea3o hi\u1ec3m thua cho th\u1ec3 thao v\u00e0 eSport v\u1edbi gi\u00e1 tr\u1ecb t\u1ed1i \u0111a 26.666.666 VND.<\/span><\/li>\n<\/ul>\n<\/td>\n<\/tr>\n<tr>\n<td><span style=\"font-weight: 400;\">\u0110\u00e1 g\u00e0<\/span><\/td>\n<td>\n<ul>\n<li style=\"font-weight: 400;\" aria-level=\"1\"><span style=\"font-weight: 400;\">Gi\u1ea3i \u0111\u1ea5u \u0111ua top x\u1ebfp h\u1ea1ng \u0111\u00e1 g\u00e0 theo tu\u1ea7n v\u1edbi ph\u1ea7n th\u01b0\u1edfng t\u1ed1i \u0111a 8888K.<\/span><\/li>\n<\/ul>\n<\/td>\n<\/tr>\n<tr>\n<td><span style=\"font-weight: 400;\">X\u1ed5 s\u1ed1<\/span><\/td>\n<td>\n<ul>\n<li style=\"font-weight: 400;\" aria-level=\"1\"><span style=\"font-weight: 400;\">Ho\u00e0n tr\u1ea3 khi thua x\u1ed5 s\u1ed1 v\u1edbi t\u1ef7 l\u1ec7 b\u1ea3o hi\u1ec3m t\u1ed1i \u0111a 5%<\/span><\/li>\n<li style=\"font-weight: 400;\" aria-level=\"1\"><span style=\"font-weight: 400;\">Ch\u01b0\u01a1ng tr\u00ecnh x\u1ed5 s\u1ed1 may m\u1eafn m\u1ed7i ng\u00e0y v\u1edbi ph\u1ea7n th\u01b0\u1edfng l\u00ean \u0111\u1ebfn 666K.<\/span><\/li>\n<\/ul>\n<\/td>\n<\/tr>\n<\/tbody>\n<\/table>\n<figure id=\"attachment_317\" aria-describedby=\"caption-attachment-317\" style=\"width: 800px\" class=\"wp-caption aligncenter\"><img loading=\"lazy\" decoding=\"async\" class=\"size-full wp-image-317\" src=\"https:\/\/hb88link1.com\/wp-content\/uploads\/2026\/02\/khuyen-mai-hb88-danh-sach-tong-hop.webp\" alt=\"Danh s\u00e1ch c\u00e1c ch\u01b0\u01a1ng tr\u00ecnh khuy\u1ebfn m\u00e3i HB88 n\u0103m 2026\" width=\"800\" height=\"400\" title=\"\" srcset=\"https:\/\/hb88link1.com\/wp-content\/uploads\/2026\/02\/khuyen-mai-hb88-danh-sach-tong-hop.webp 800w, https:\/\/hb88link1.com\/wp-content\/uploads\/2026\/02\/khuyen-mai-hb88-danh-sach-tong-hop-300x150.webp 300w, https:\/\/hb88link1.com\/wp-content\/uploads\/2026\/02\/khuyen-mai-hb88-danh-sach-tong-hop-768x384.webp 768w\" sizes=\"auto, (max-width: 800px) 100vw, 800px\" \/><figcaption id=\"caption-attachment-317\" class=\"wp-caption-text\">Danh s\u00e1ch c\u00e1c ch\u01b0\u01a1ng tr\u00ecnh khuy\u1ebfn m\u00e3i HB88 n\u0103m 2026<\/figcaption><\/figure>\n<h2 style=\"text-align: justify;\"><b>\u0110i\u1ec1u kho\u1ea3n nh\u1eadn th\u01b0\u1edfng t\u1ea1i HB88 d\u00e0nh cho to\u00e0n b\u1ed9 h\u1ed9i vi\u00ean<\/b><\/h2>\n<p style=\"text-align: justify;\"><span style=\"font-weight: 400;\">C\u00e1c \u0111i\u1ec1u kho\u1ea3n sau \u0111\u00e2y \u0111\u01b0\u1ee3c \u00e1p d\u1ee5ng \u0111\u1ec3 c\u00e1c ch\u01b0\u01a1ng tr\u00ecnh khuy\u1ebfn m\u00e3i t\u1ea1i HB88 \u0111\u01b0\u1ee3c \u00e1p d\u1ee5ng \u0111\u00fang \u0111\u1ed1i t\u01b0\u1ee3ng v\u00e0 h\u1ea1n ch\u1ebf t\u1ed1i \u0111a tranh ch\u1ea5p. Ng\u01b0\u1eddi ch\u01a1i n\u1eafm k\u1ef9 c\u00e1c quy \u0111\u1ecbnh n\u00e0y s\u1ebd d\u1ec5 d\u00e0ng nh\u1eadn \u01b0u \u0111\u00e3i, \u0111\u1ed3ng th\u1eddi tr\u00e1nh t\u00ecnh tr\u1ea1ng b\u1ecb t\u1eeb ch\u1ed1i quy\u1ec1n l\u1ee3i.<\/span><\/p>\n<h3 style=\"text-align: justify;\"><b>\u0110i\u1ec1u ki\u1ec7n tham gia v\u00e0 \u0111\u1ee7 chu\u1ea9n nh\u1eadn khuy\u1ebfn m\u00e3i HB88<\/b><\/h3>\n<p style=\"text-align: justify;\"><span style=\"font-weight: 400;\">HB88 ch\u1ec9 \u00e1p d\u1ee5ng \u01b0u \u0111\u00e3i cho nh\u1eefng t\u00e0i kho\u1ea3n h\u1ee3p l\u1ec7, c\u00f3 \u0111\u1ea7y \u0111\u1ee7 th\u00f4ng tin x\u00e1c th\u1ef1c v\u00e0 tu\u00e2n th\u1ee7 \u0111\u00fang quy \u0111\u1ecbnh h\u1ec7 th\u1ed1ng. \u0110\u00e2y l\u00e0 b\u01b0\u1edbc s\u00e0ng l\u1ecdc nh\u1eb1m \u0111\u1ea3m b\u1ea3o t\u00ednh c\u00f4ng b\u1eb1ng gi\u1eefa c\u00e1c h\u1ed9i vi\u00ean.<\/span><\/p>\n<ul style=\"text-align: justify;\">\n<li style=\"font-weight: 400;\" aria-level=\"1\"><span style=\"font-weight: 400;\">T\u00e0i kho\u1ea3n ph\u1ea3i \u0111\u01b0\u1ee3c t\u1ea1o t\u1eeb website ho\u1eb7c \u1ee9ng d\u1ee5ng ch\u00ednh th\u1ed1ng \u0111\u1ec3 \u0111\u01b0\u1ee3c h\u1ec7 th\u1ed1ng ghi nh\u1eadn tham gia khuy\u1ebfn m\u00e3i.<\/span><\/li>\n<li style=\"font-weight: 400;\" aria-level=\"1\"><span style=\"font-weight: 400;\">S\u1ed1 \u0111i\u1ec7n tho\u1ea1i d\u00f9ng \u0111\u1ec3 nh\u1eadn OTP, th\u00f4ng b\u00e1o v\u00e0 h\u1ed7 tr\u1ee3 giao d\u1ecbch, c\u1ea7n tr\u00f9ng kh\u1edbp v\u1edbi th\u00f4ng tin \u0111\u00e3 khai b\u00e1o.<\/span><\/li>\n<li style=\"font-weight: 400;\" aria-level=\"1\"><span style=\"font-weight: 400;\">Email c\u0169ng c\u1ea7n \u0111\u01b0\u1ee3c cung c\u1ea5p ch\u00ednh x\u00e1c \u0111\u1ec3 t\u0103ng \u0111\u1ed9 an to\u00e0n cho t\u00e0i kho\u1ea3n v\u00e0 h\u1ed7 tr\u1ee3 kh\u00f4i ph\u1ee5c khi c\u1ea7n.<\/span><\/li>\n<li style=\"font-weight: 400;\" aria-level=\"1\"><span style=\"font-weight: 400;\">M\u1ed7i h\u1ed9i vi\u00ean ch\u1ec9 \u0111\u01b0\u1ee3c s\u1edf h\u1eefu m\u1ed9t t\u00e0i kho\u1ea3n duy nh\u1ea5t, c\u00e1c tr\u01b0\u1eddng h\u1ee3p tr\u00f9ng l\u1eb7p th\u00f4ng tin s\u1ebd b\u1ecb lo\u1ea1i kh\u1ecfi ch\u01b0\u01a1ng tr\u00ecnh khuy\u1ebfn m\u00e3i HB88.<\/span><\/li>\n<\/ul>\n<h3 style=\"text-align: justify;\"><b>Quy \u0111\u1ecbnh x\u00e1c minh th\u00f4ng tin tr\u01b0\u1edbc khi ghi nh\u1eadn th\u01b0\u1edfng<\/b><\/h3>\n<p style=\"text-align: justify;\"><span style=\"font-weight: 400;\">Tr\u01b0\u1edbc khi ti\u1ec1n th\u01b0\u1edfng \u0111\u01b0\u1ee3c c\u1ed9ng ho\u1eb7c cho ph\u00e9p r\u00fat, nh\u00e0 c\u00e1i c\u00f3 th\u1ec3 ti\u1ebfn h\u00e0nh ki\u1ec3m tra th\u00f4ng tin nh\u1eb1m x\u00e1c nh\u1eadn ch\u1ee7 t\u00e0i kho\u1ea3n. \u0110\u00e2y c\u0169ng l\u00e0 b\u01b0\u1edbc b\u1eaft bu\u1ed9c trong nhi\u1ec1u ch\u01b0\u01a1ng tr\u00ecnh khuy\u1ebfn m\u00e3i HB88.\u00a0<\/span><\/p>\n<ul style=\"text-align: justify;\">\n<li style=\"font-weight: 400;\" aria-level=\"1\"><span style=\"font-weight: 400;\">Th\u00f4ng tin ng\u00e2n h\u00e0ng d\u00f9ng \u0111\u1ec3 r\u00fat th\u01b0\u1edfng ph\u1ea3i \u0111\u1ee9ng t\u00ean ng\u01b0\u1eddi \u0111\u0103ng k\u00fd t\u1ea1i HB88.<\/span><\/li>\n<li style=\"font-weight: 400;\" aria-level=\"1\"><span style=\"font-weight: 400;\">H\u1ecd t\u00ean, ng\u00e0y sinh v\u00e0 gi\u1ea5y t\u1edd t\u00f9y th\u00e2n c\u1ea7n tr\u00f9ng kh\u1edbp v\u1edbi th\u00f4ng tin \u0111\u00e3 khai b\u00e1o tr\u01b0\u1edbc \u0111\u00f3.<\/span><\/li>\n<li style=\"font-weight: 400;\" aria-level=\"1\"><span style=\"font-weight: 400;\">H\u1ec7 qu\u1ea3 khi th\u00f4ng tin kh\u00f4ng h\u1ee3p l\u1ec7 c\u00f3 th\u1ec3 r\u1ea5t nghi\u00eam tr\u1ecdng nh\u01b0 sau:<\/span>\n<ul>\n<li style=\"font-weight: 400;\" aria-level=\"2\"><span style=\"font-weight: 400;\">Giao d\u1ecbch r\u00fat ti\u1ec1n th\u01b0\u1edfng c\u00f3 th\u1ec3 b\u1ecb t\u1ea1m d\u1eebng.<\/span><\/li>\n<li style=\"font-weight: 400;\" aria-level=\"2\"><span style=\"font-weight: 400;\">M\u1ea5t quy\u1ec1n tham gia khuy\u1ebfn m\u00e3i HB88 \u0111ang \u00e1p d\u1ee5ng.<\/span><\/li>\n<li style=\"font-weight: 400;\" aria-level=\"2\"><span style=\"font-weight: 400;\">Y\u00eau c\u1ea7u ng\u01b0\u1eddi ch\u01a1i x\u00e1c minh l\u1ea1i to\u00e0n b\u1ed9 h\u1ed3 s\u01a1 \u0111\u1ec3 ti\u1ebfp t\u1ee5c s\u1eed d\u1ee5ng t\u00e0i kho\u1ea3n.<\/span><\/li>\n<\/ul>\n<\/li>\n<\/ul>\n<p style=\"text-align: justify;\"><span style=\"font-weight: 400;\">Nh\u00ecn chung, \u0111i\u1ec1u kho\u1ea3n nh\u1eadn th\u01b0\u1edfng kh\u00f4ng qu\u00e1 ph\u1ee9c t\u1ea1p nh\u01b0ng \u0111\u00f2i h\u1ecfi ng\u01b0\u1eddi ch\u01a1i ph\u1ea3i c\u1ea9n tr\u1ecdng ngay t\u1eeb kh\u00e2u \u0111\u0103ng k\u00fd. Khi th\u00f4ng tin r\u00f5 r\u00e0ng v\u00e0 h\u1ee3p l\u1ec7, qu\u00e1 tr\u00ecnh nh\u1eadn th\u01b0\u1edfng v\u00e0 r\u00fat ti\u1ec1n s\u1ebd di\u1ec5n ra nhanh ch\u00f3ng v\u00e0 kh\u00f4ng g\u1eb7p tr\u1edf ng\u1ea1i.<\/span><\/p>\n<figure id=\"attachment_318\" aria-describedby=\"caption-attachment-318\" style=\"width: 800px\" class=\"wp-caption aligncenter\"><img loading=\"lazy\" decoding=\"async\" class=\"size-full wp-image-318\" src=\"https:\/\/hb88link1.com\/wp-content\/uploads\/2026\/02\/khuyen-mai-hb88-dieu-khoan-nhan-thuong.webp\" alt=\"\u0110i\u1ec1u kho\u1ea3n nh\u1eadn th\u01b0\u1edfng \u01b0u \u0111\u00e3i t\u1eeb nh\u00e0 c\u00e1i HB88\" width=\"800\" height=\"400\" title=\"\" srcset=\"https:\/\/hb88link1.com\/wp-content\/uploads\/2026\/02\/khuyen-mai-hb88-dieu-khoan-nhan-thuong.webp 800w, https:\/\/hb88link1.com\/wp-content\/uploads\/2026\/02\/khuyen-mai-hb88-dieu-khoan-nhan-thuong-300x150.webp 300w, https:\/\/hb88link1.com\/wp-content\/uploads\/2026\/02\/khuyen-mai-hb88-dieu-khoan-nhan-thuong-768x384.webp 768w\" sizes=\"auto, (max-width: 800px) 100vw, 800px\" \/><figcaption id=\"caption-attachment-318\" class=\"wp-caption-text\">\u0110i\u1ec1u kho\u1ea3n nh\u1eadn th\u01b0\u1edfng \u01b0u \u0111\u00e3i t\u1eeb nh\u00e0 c\u00e1i HB88<\/figcaption><\/figure>\n<h2 style=\"text-align: justify;\"><b>K\u1ebft lu\u1eadn<\/b><\/h2>\n<p style=\"text-align: justify;\"><span style=\"font-weight: 400;\">C\u00e1c ch\u01b0\u01a1ng tr\u00ecnh khuy\u1ebfn m\u00e3i HB88 \u0111\u01b0\u1ee3c t\u1ea1o ra v\u1edbi m\u1ee5c ti\u00eau mang \u0111\u1ebfn ngu\u1ed3n th\u01b0\u1edfng thi\u1ebft th\u1ef1c cho h\u1ed9i vi\u00ean. To\u00e0n b\u1ed9 \u01b0u \u0111\u00e3i \u1edf th\u1eddi \u0111i\u1ec3m hi\u1ec7n t\u1ea1i \u0111\u1ec1u \u0111\u00e3 \u0111\u01b0\u1ee3c ch\u00fang t\u00f4i li\u1ec7t k\u00ea chi ti\u1ebft trong b\u00e0i vi\u1ebft tr\u00ean \u0111\u1ec3 b\u1ea1n nhanh ch\u00f3ng ch\u1ecdn \u0111\u01b0\u1ee3c ch\u01b0\u01a1ng tr\u00ecnh ph\u00f9 h\u1ee3p. Tr\u01b0\u1edbc khi tham gia, \u0111\u1eebng qu\u00ean xem k\u1ef9 c\u00e1c \u0111i\u1ec1u ki\u1ec7n HB88 \u00e1p d\u1ee5ng \u0111\u1ec3 \u0111\u1ea3m b\u1ea3o quy\u1ec1n l\u1ee3i \u0111\u1ea7y \u0111\u1ee7 c\u1ee7a b\u1ea3n th\u00e2n.<\/span><\/p>\n","protected":false},"excerpt":{"rendered":"<p>Khuy\u1ebfn M\u00e3i HB88 &#8211; 20+ Ch\u01b0\u01a1ng Tr\u00ecnh H\u1ea5p D\u1eabn \u0110ang Tri\u1ec3n Khai Danh m\u1ee5c khuy\u1ebfn m\u00e3i HB88 lu\u00f4n \u0111\u01b0\u1ee3c l\u00e0m m\u1edbi v\u1edbi nhi\u1ec1u ch\u01b0\u01a1ng tr\u00ecnh h\u1ea5p d\u1eabn d\u00e0nh cho m\u1ecdi th\u1ec3 lo\u1ea1i ng\u01b0\u1eddi ch\u01a1i. D\u00f9 b\u1ea1n l\u00e0 h\u1ed9i vi\u00ean m\u1edbi hay l\u00e2u n\u0103m, th\u00edch c\u00e1 c\u01b0\u1ee3c th\u1ec3 thao hay ch\u01a1i game \u0111\u1ed5i th\u01b0\u1edfng, \u0111\u1ec1u c\u00f3 [&#8230;]\n","protected":false},"author":1,"featured_media":320,"parent":0,"menu_order":0,"comment_status":"closed","ping_status":"closed","template":"","meta":{"footnotes":""},"class_list":["post-22","page","type-page","status-publish","has-post-thumbnail","hentry"],"_links":{"self":[{"href":"https:\/\/hb88link1.com\/index.php?rest_route=\/wp\/v2\/pages\/22","targetHints":{"allow":["GET"]}}],"collection":[{"href":"https:\/\/hb88link1.com\/index.php?rest_route=\/wp\/v2\/pages"}],"about":[{"href":"https:\/\/hb88link1.com\/index.php?rest_route=\/wp\/v2\/types\/page"}],"author":[{"embeddable":true,"href":"https:\/\/hb88link1.com\/index.php?rest_route=\/wp\/v2\/users\/1"}],"replies":[{"embeddable":true,"href":"https:\/\/hb88link1.com\/index.php?rest_route=%2Fwp%2Fv2%2Fcomments&post=22"}],"version-history":[{"count":4,"href":"https:\/\/hb88link1.com\/index.php?rest_route=\/wp\/v2\/pages\/22\/revisions"}],"predecessor-version":[{"id":323,"href":"https:\/\/hb88link1.com\/index.php?rest_route=\/wp\/v2\/pages\/22\/revisions\/323"}],"wp:featuredmedia":[{"embeddable":true,"href":"https:\/\/hb88link1.com\/index.php?rest_route=\/wp\/v2\/media\/320"}],"wp:attachment":[{"href":"https:\/\/hb88link1.com\/index.php?rest_route=%2Fwp%2Fv2%2Fmedia&parent=22"}],"curies":[{"name":"wp","href":"https:\/\/api.w.org\/{rel}","templated":true}]}}